{"id":11,"date":"2020-05-05T19:15:01","date_gmt":"2020-05-05T19:15:01","guid":{"rendered":"http:\/\/kita-sulzdorf.de\/?page_id=11"},"modified":"2020-05-26T05:07:11","modified_gmt":"2020-05-26T05:07:11","slug":"die-kleinen-strolche","status":"publish","type":"page","link":"https:\/\/kita-sulzdorf.de\/?page_id=11","title":{"rendered":"Die kleinen Strolche"},"content":{"rendered":"\n<p>Bei den Kleinen Strolchen der Kita Sulzdorf finden 28 Kinder Platz, im Alter von 2 1\/2 Jahren bis zum Schuleintrittsalter.<\/p>\n\n\n\n<p>Jedes uns anvertraute Kind ist einzigartig. Es wird von uns Nina, Jenny, Schaki und Alicia ernst genommen und spielt eine wichtige Rolle. Es soll Akteur seiner eigenen Entwicklung sein. Wir sehen uns als Moderatoren, bieten Hilfestellungen, vielf\u00e4ltige M\u00f6glichkeiten und Bedingungen, damit es Sch\u00f6pfer seiner eigenen Umwelt werden kann. Unsere Kinder sind kreativ und eigenst\u00e4ndig, erhalten M\u00f6glichkeiten ihren Bewegungsdrang auszuleben und lernen dabei, an ihre Grenzen zu sto\u00dfen. Ein wichtiger Punkt f\u00fcr uns ist, soziales Miteinander in der Gemeinschaft zu erlernen. Des Weiteren sind wir bestrebt, einzelne Defizite sowie Begabungen der Kinder zu erkennen und entsprechend zu f\u00f6rdern. Wir sind Beobachter, Begleiter und Spielpartner der uns anvertrauten Kinder um ihre st\u00e4ndige Weiterentwicklung zu f\u00f6rdern. Wir geben ihnen Geborgenheit und begleiten sie bei ihrem t\u00e4glichen Tun, wir vermitteln Freude am Lernen und lassen eigene Erfahrungen zu. Der liebevolle und trotzdem konsequente Umgang mit den Kindern, aber auch das respektvolle Gespr\u00e4ch mit den Eltern, sind wichtige Eckpfeiler unserer Arbeit.<\/p>\n\n\n\n<div class=\"wp-block-image\"><figure class=\"aligncenter size-large\"><img fetchpriority=\"high\" decoding=\"async\" width=\"1024\" height=\"768\" src=\"http:\/\/kita-sulzdorf.de\/wp-content\/uploads\/2020\/05\/Strolchengruppe-1024x768.jpg\" alt=\"\" class=\"wp-image-173\" srcset=\"https:\/\/kita-sulzdorf.de\/wp-content\/uploads\/2020\/05\/Strolchengruppe-1024x768.jpg 1024w, https:\/\/kita-sulzdorf.de\/wp-content\/uploads\/2020\/05\/Strolchengruppe-300x225.jpg 300w, https:\/\/kita-sulzdorf.de\/wp-content\/uploads\/2020\/05\/Strolchengruppe-768x576.jpg 768w, https:\/\/kita-sulzdorf.de\/wp-content\/uploads\/2020\/05\/Strolchengruppe-1536x1152.jpg 1536w, https:\/\/kita-sulzdorf.de\/wp-content\/uploads\/2020\/05\/Strolchengruppe-2048x1536.jpg 2048w, https:\/\/kita-sulzdorf.de\/wp-content\/uploads\/2020\/05\/Strolchengruppe-150x113.jpg 150w\" sizes=\"(max-width: 1024px) 100vw, 1024px\" \/><\/figure><\/div>\n","protected":false},"excerpt":{"rendered":"<p>Bei den Kleinen Strolchen der Kita Sulzdorf finden 28 Kinder Platz, im Alter von 2 1\/2 Jahren bis zum Schuleintrittsalter. Jedes uns anvertraute Kind ist einzigartig. Es wird von uns Nina, Jenny, Schaki und Alicia ernst genommen und spielt eine wichtige Rolle. Es soll Akteur seiner eigenen Entwicklung sein. Wir <a class=\"continue-reading-link\" href=\"https:\/\/kita-sulzdorf.de\/?page_id=11\"><\/a><\/p>\n","protected":false},"author":1,"featured_media":188,"parent":0,"menu_order":0,"comment_status":"closed","ping_status":"closed","template":"","meta":{"footnotes":""},"class_list":["post-11","page","type-page","status-publish","has-post-thumbnail","hentry"],"_links":{"self":[{"href":"https:\/\/kita-sulzdorf.de\/index.php?rest_route=\/wp\/v2\/pages\/11","targetHints":{"allow":["GET"]}}],"collection":[{"href":"https:\/\/kita-sulzdorf.de\/index.php?rest_route=\/wp\/v2\/pages"}],"about":[{"href":"https:\/\/kita-sulzdorf.de\/index.php?rest_route=\/wp\/v2\/types\/page"}],"author":[{"embeddable":true,"href":"https:\/\/kita-sulzdorf.de\/index.php?rest_route=\/wp\/v2\/users\/1"}],"replies":[{"embeddable":true,"href":"https:\/\/kita-sulzdorf.de\/index.php?rest_route=%2Fwp%2Fv2%2Fcomments&post=11"}],"version-history":[{"count":4,"href":"https:\/\/kita-sulzdorf.de\/index.php?rest_route=\/wp\/v2\/pages\/11\/revisions"}],"predecessor-version":[{"id":226,"href":"https:\/\/kita-sulzdorf.de\/index.php?rest_route=\/wp\/v2\/pages\/11\/revisions\/226"}],"wp:featuredmedia":[{"embeddable":true,"href":"https:\/\/kita-sulzdorf.de\/index.php?rest_route=\/wp\/v2\/media\/188"}],"wp:attachment":[{"href":"https:\/\/kita-sulzdorf.de\/index.php?rest_route=%2Fwp%2Fv2%2Fmedia&parent=11"}],"curies":[{"name":"wp","href":"https:\/\/api.w.org\/{rel}","templated":true}]}}