{"id":127,"date":"2020-05-11T16:39:28","date_gmt":"2020-05-11T16:39:28","guid":{"rendered":"http:\/\/kita-sulzdorf.de\/?page_id=127"},"modified":"2020-05-27T18:08:59","modified_gmt":"2020-05-27T18:08:59","slug":"unser-bild-vom-kind","status":"publish","type":"page","link":"https:\/\/kita-sulzdorf.de\/?page_id=127","title":{"rendered":"Unser Bild vom Kind"},"content":{"rendered":"\n<p><strong>Du bist einzigartig!<\/strong><\/p>\n\n\n\n<p>Kinder sind einzigartig in ihrem Temperament, ihren Anlagen und F\u00e4higkeiten, ihren Aktivit\u00e4ten, ihrem Entwicklungstempo und den sozialen Bedingungen ihres Aufwachsens. Das Kind ist kompetenter Hauptakteur seiner Entwicklung. Jedes Kind ist eine individuelle Pers\u00f6nlichkeit mit spezifischen Bed\u00fcrfnissen, die wir verstehen und respektieren. Ihr Kind entdeckt, erforscht und gestaltet seine Umwelt auf seine ganz eigene Weise. Der fr\u00fchkindliche Lerncharakter Ihres Kindes ist gepr\u00e4gt durch die kindliche Neugier, sein Interesse und seine Begeisterungsf\u00e4higkeit. Freiwillig und aus eigenem Antrieb will Ihr Kind den Dingen auf den Grund gehen und sich auf selbst gestellte Aufgaben konzentrieren.<br>Hat das Kind die Sicherheit gewonnen, wirklich angenommen zu sein, wird sich sein nat\u00fcrlicher Impuls zur Eigenaktivit\u00e4t entfalten. Kinder wollen \u201earbeiten\u201c, gestalten, etwas bewirken. Unsere Aufgabe ist es, der Kraft des kindlichen Potentials zu vertrauen und sie zu unterst\u00fctzen. Wir schaffen Raum und Zeit und stellen Materialien bereit, damit Kreativit\u00e4t und Phantasie der Kinder zum Zuge kommen, z.B. durch Gestalten mit verschiedenen Materialien und Farben, Umgang mit Werkzeugen oder Instrumenten, Spielen in den verschiedenen Spielbereichen oder das freie Rollenspiel. Kinder kommen spielend zum Lernen. Im Spiel erleben sie Ihre Realit\u00e4t. Wir begleiten die Kinder- durch unser professionelles Interesse &#8211; an ihren Themen.<\/p>\n","protected":false},"excerpt":{"rendered":"<p>Du bist einzigartig! Kinder sind einzigartig in ihrem Temperament, ihren Anlagen und F\u00e4higkeiten, ihren Aktivit\u00e4ten, ihrem Entwicklungstempo und den sozialen Bedingungen ihres Aufwachsens. Das Kind ist kompetenter Hauptakteur seiner Entwicklung. Jedes Kind ist eine individuelle Pers\u00f6nlichkeit mit spezifischen Bed\u00fcrfnissen, die wir verstehen und respektieren. Ihr Kind entdeckt, erforscht und gestaltet <a class=\"continue-reading-link\" href=\"https:\/\/kita-sulzdorf.de\/?page_id=127\"><\/a><\/p>\n","protected":false},"author":1,"featured_media":259,"parent":0,"menu_order":0,"comment_status":"closed","ping_status":"closed","template":"","meta":{"footnotes":""},"class_list":["post-127","page","type-page","status-publish","has-post-thumbnail","hentry"],"_links":{"self":[{"href":"https:\/\/kita-sulzdorf.de\/index.php?rest_route=\/wp\/v2\/pages\/127","targetHints":{"allow":["GET"]}}],"collection":[{"href":"https:\/\/kita-sulzdorf.de\/index.php?rest_route=\/wp\/v2\/pages"}],"about":[{"href":"https:\/\/kita-sulzdorf.de\/index.php?rest_route=\/wp\/v2\/types\/page"}],"author":[{"embeddable":true,"href":"https:\/\/kita-sulzdorf.de\/index.php?rest_route=\/wp\/v2\/users\/1"}],"replies":[{"embeddable":true,"href":"https:\/\/kita-sulzdorf.de\/index.php?rest_route=%2Fwp%2Fv2%2Fcomments&post=127"}],"version-history":[{"count":3,"href":"https:\/\/kita-sulzdorf.de\/index.php?rest_route=\/wp\/v2\/pages\/127\/revisions"}],"predecessor-version":[{"id":155,"href":"https:\/\/kita-sulzdorf.de\/index.php?rest_route=\/wp\/v2\/pages\/127\/revisions\/155"}],"wp:featuredmedia":[{"embeddable":true,"href":"https:\/\/kita-sulzdorf.de\/index.php?rest_route=\/wp\/v2\/media\/259"}],"wp:attachment":[{"href":"https:\/\/kita-sulzdorf.de\/index.php?rest_route=%2Fwp%2Fv2%2Fmedia&parent=127"}],"curies":[{"name":"wp","href":"https:\/\/api.w.org\/{rel}","templated":true}]}}