{"id":147,"date":"2020-05-11T17:08:35","date_gmt":"2020-05-11T17:08:35","guid":{"rendered":"http:\/\/kita-sulzdorf.de\/?page_id=147"},"modified":"2020-05-27T18:08:23","modified_gmt":"2020-05-27T18:08:23","slug":"tagesablauf-in-der-krippengruppe","status":"publish","type":"page","link":"https:\/\/kita-sulzdorf.de\/?page_id=147","title":{"rendered":"Tagesablauf"},"content":{"rendered":"\n<p>Der zeitliche Rahmen unseres Tagesablaufes wird so gestaltet, dass er den individuellen Bed\u00fcrfnissen des Kindes nach Aktivit\u00e4t und Ruhe, nach Anspannung und nach Nahrungsaufnahme entspricht.<\/p>\n\n\n\n<p><strong>Bringzeit<\/strong><br>Die Bringzeit ist von 7 Uhr bis sp\u00e4testens 9 Uhr. In dieser Zeit ist bei uns im Haus leise Freispielzeit.<\/p>\n\n\n\n<p><strong>Morgenkreis u. Angebote<\/strong><br>Im Morgenkreis und w\u00e4hrend der Freispielzeit werden Besch\u00e4ftigungen angeboten. Aktuelle Themen der Angebote werden passend zum Thema, der Jahreszeit oder aus gegebenem Anlass ermittelt.<br>Brotzeit<br>Die freie Essenszeit bei den kleinen Strolchen und das gemeinsame Fr\u00fchst\u00fcck bei den Krippenstrolchen beginnt ca. ab 9.30 Uhr. Die Kinder ben\u00f6tigen eine eigene Brotzeit, aber kein Getr\u00e4nk. Als Getr\u00e4nk reichen wir Wasser, Saftschorle und Tee.<\/p>\n\n\n\n<p><strong>T\u00e4gliche Drau\u00dfenzeit<\/strong><br>Wir legen gro\u00dfen Wert darauf t\u00e4glich mit den Kindern nach drau\u00dfen zu gehen. Diese Zeit ist fest in unserem Tagesplan verankert, kann aber nat\u00fcrlich auch abweichen. Wir nehmen uns vor, t\u00e4glich von etwa 11:00 \u2013 12:00 mit den Kindern in unserem Hof und Garten zu sein.<br>Mittagessen<br>Das Mittagessen findet ab 12 Uhr statt. Alle Kinder sollten am gemeinsamen Mittagessen teilnehmen, hierf\u00fcr entstehen zus\u00e4tzliche Kosten von 2,80 \u20ac pro Tag.<\/p>\n\n\n\n<p><br><strong>Traumstunde u. Mittagsschlaf<\/strong><br>Nach dem Mittagessen, bzw. auch schon davor, werden die Krippenkinder individuell und nach eigenem Schlafbedarf bettfertig gemacht und schlafen gelegt. F\u00fcr die kleinen Strolche beginnt jetzt die Traumstunde, eine sehr ruhige Zeit mit Meditation, Traumgeschichten oder Massageeinheiten.<br>Nachmittag<br>Am Nachmittag k\u00f6nnen die Kinder ihren individuellen Vorstellungen und Bed\u00fcrfnissen entsprechend t\u00e4tig sein, bis sie abgeholt werden.<\/p>\n\n\n\n<p><strong>Nachmittag<\/strong><br>Am Nachmittag k\u00f6nnen die Kinder ihren individuellen Vorstellungen und Bed\u00fcrfnissen entsprechend t\u00e4tig sein, bis sie abgeholt werden.<\/p>\n\n\n\n<p><strong>Abholzeit<\/strong><br>&#8211; 11.45 Uhr &#8211; 12 Uhr<br>&#8211; dann erst wieder gegen 13 Uhr<br>&#8211; und ab 14.30 Uhr<\/p>\n","protected":false},"excerpt":{"rendered":"<p>Der zeitliche Rahmen unseres Tagesablaufes wird so gestaltet, dass er den individuellen Bed\u00fcrfnissen des Kindes nach Aktivit\u00e4t und Ruhe, nach Anspannung und nach Nahrungsaufnahme entspricht. BringzeitDie Bringzeit ist von 7 Uhr bis sp\u00e4testens 9 Uhr. In dieser Zeit ist bei uns im Haus leise Freispielzeit. Morgenkreis u. AngeboteIm Morgenkreis und <a class=\"continue-reading-link\" href=\"https:\/\/kita-sulzdorf.de\/?page_id=147\"><\/a><\/p>\n","protected":false},"author":1,"featured_media":258,"parent":0,"menu_order":0,"comment_status":"closed","ping_status":"closed","template":"","meta":{"footnotes":""},"class_list":["post-147","page","type-page","status-publish","has-post-thumbnail","hentry"],"_links":{"self":[{"href":"https:\/\/kita-sulzdorf.de\/index.php?rest_route=\/wp\/v2\/pages\/147","targetHints":{"allow":["GET"]}}],"collection":[{"href":"https:\/\/kita-sulzdorf.de\/index.php?rest_route=\/wp\/v2\/pages"}],"about":[{"href":"https:\/\/kita-sulzdorf.de\/index.php?rest_route=\/wp\/v2\/types\/page"}],"author":[{"embeddable":true,"href":"https:\/\/kita-sulzdorf.de\/index.php?rest_route=\/wp\/v2\/users\/1"}],"replies":[{"embeddable":true,"href":"https:\/\/kita-sulzdorf.de\/index.php?rest_route=%2Fwp%2Fv2%2Fcomments&post=147"}],"version-history":[{"count":4,"href":"https:\/\/kita-sulzdorf.de\/index.php?rest_route=\/wp\/v2\/pages\/147\/revisions"}],"predecessor-version":[{"id":254,"href":"https:\/\/kita-sulzdorf.de\/index.php?rest_route=\/wp\/v2\/pages\/147\/revisions\/254"}],"wp:featuredmedia":[{"embeddable":true,"href":"https:\/\/kita-sulzdorf.de\/index.php?rest_route=\/wp\/v2\/media\/258"}],"wp:attachment":[{"href":"https:\/\/kita-sulzdorf.de\/index.php?rest_route=%2Fwp%2Fv2%2Fmedia&parent=147"}],"curies":[{"name":"wp","href":"https:\/\/api.w.org\/{rel}","templated":true}]}}