{"id":15,"date":"2020-05-05T19:15:41","date_gmt":"2020-05-05T19:15:41","guid":{"rendered":"http:\/\/kita-sulzdorf.de\/?page_id=15"},"modified":"2020-05-17T19:08:21","modified_gmt":"2020-05-17T19:08:21","slug":"paedagogisches-konzept","status":"publish","type":"page","link":"https:\/\/kita-sulzdorf.de\/?page_id=15","title":{"rendered":"Unser P\u00e4dagogisches Konzept"},"content":{"rendered":"\n<p><strong>Kinder werden nicht erst Mensch \u2013 sie sind schon Mensch.<\/strong><br>Sie sind Pers\u00f6nlichkeiten mit eigenen, individuellen Kompetenzen schon von klein auf. Sie sind das Wichtigste, was uns anvertraut ist. Es ist deren und unser Gl\u00fcck, wenn wir ihnen so begegnen, dass sich ihr eigenes Leben, mit all ihren inne liegenden Talenten, entfalten kann. Bei uns soll Ihr Kind m\u00f6glichst frei von Zeit \u2013 und Leistungsdruck lernen. Wir bauen auf der ganz individuellen Lerngrundhaltung Ihres Kindes, welches Sie schon nach der Geburt gelegt haben, auf. Wir nutzen die Weltoffenheit ihres Kindes und bieten ihm anspruchsvolle, zeitgem\u00e4\u00dfe Bildungsinhalte, die auf eine ganzheitliche F\u00f6rderung ihres Kindes ausgerichtet sind. Bildung und Lernen sind ein offener und lebenslanger Prozess. Die fr\u00fchen Lebensjahre der Kinder erweisen sich als die Lernintensivsten und Entwicklungsreichsten. Somit ist die Kindertagesst\u00e4tte erster und einflussreichster Bildungsort nach dem Famili\u00e4ren Leben und dessen soziale Prim\u00e4rpr\u00e4gung.<\/p>\n\n\n\n<p>Hier k\u00f6nnen Sie unser komplettes Konzept herunterladen.<\/p>\n","protected":false},"excerpt":{"rendered":"<p>Kinder werden nicht erst Mensch \u2013 sie sind schon Mensch.Sie sind Pers\u00f6nlichkeiten mit eigenen, individuellen Kompetenzen schon von klein auf. Sie sind das Wichtigste, was uns anvertraut ist. Es ist deren und unser Gl\u00fcck, wenn wir ihnen so begegnen, dass sich ihr eigenes Leben, mit all ihren inne liegenden Talenten, <a class=\"continue-reading-link\" href=\"https:\/\/kita-sulzdorf.de\/?page_id=15\"><\/a><\/p>\n","protected":false},"author":1,"featured_media":0,"parent":0,"menu_order":0,"comment_status":"closed","ping_status":"closed","template":"","meta":{"footnotes":""},"class_list":["post-15","page","type-page","status-publish","hentry"],"_links":{"self":[{"href":"https:\/\/kita-sulzdorf.de\/index.php?rest_route=\/wp\/v2\/pages\/15","targetHints":{"allow":["GET"]}}],"collection":[{"href":"https:\/\/kita-sulzdorf.de\/index.php?rest_route=\/wp\/v2\/pages"}],"about":[{"href":"https:\/\/kita-sulzdorf.de\/index.php?rest_route=\/wp\/v2\/types\/page"}],"author":[{"embeddable":true,"href":"https:\/\/kita-sulzdorf.de\/index.php?rest_route=\/wp\/v2\/users\/1"}],"replies":[{"embeddable":true,"href":"https:\/\/kita-sulzdorf.de\/index.php?rest_route=%2Fwp%2Fv2%2Fcomments&post=15"}],"version-history":[{"count":6,"href":"https:\/\/kita-sulzdorf.de\/index.php?rest_route=\/wp\/v2\/pages\/15\/revisions"}],"predecessor-version":[{"id":176,"href":"https:\/\/kita-sulzdorf.de\/index.php?rest_route=\/wp\/v2\/pages\/15\/revisions\/176"}],"wp:attachment":[{"href":"https:\/\/kita-sulzdorf.de\/index.php?rest_route=%2Fwp%2Fv2%2Fmedia&parent=15"}],"curies":[{"name":"wp","href":"https:\/\/api.w.org\/{rel}","templated":true}]}}