{"id":198,"date":"2020-05-25T16:41:56","date_gmt":"2020-05-25T16:41:56","guid":{"rendered":"http:\/\/kita-sulzdorf.de\/?page_id=198"},"modified":"2024-08-18T18:17:52","modified_gmt":"2024-08-18T18:17:52","slug":"das-sind-wir-1","status":"publish","type":"page","link":"https:\/\/kita-sulzdorf.de\/?page_id=198","title":{"rendered":"Das sind wir"},"content":{"rendered":"<div class=\"wp-block-image\">\n<figure class=\"aligncenter size-large\"><img fetchpriority=\"high\" decoding=\"async\" width=\"1024\" height=\"683\" src=\"https:\/\/kita-sulzdorf.de\/wp-content\/uploads\/2024\/08\/MG_5535-Verbessert-RR-1024x683.jpg\" alt=\"\" class=\"wp-image-1213\" srcset=\"https:\/\/kita-sulzdorf.de\/wp-content\/uploads\/2024\/08\/MG_5535-Verbessert-RR-1024x683.jpg 1024w, https:\/\/kita-sulzdorf.de\/wp-content\/uploads\/2024\/08\/MG_5535-Verbessert-RR-300x200.jpg 300w, https:\/\/kita-sulzdorf.de\/wp-content\/uploads\/2024\/08\/MG_5535-Verbessert-RR-768x512.jpg 768w, https:\/\/kita-sulzdorf.de\/wp-content\/uploads\/2024\/08\/MG_5535-Verbessert-RR-1536x1024.jpg 1536w, https:\/\/kita-sulzdorf.de\/wp-content\/uploads\/2024\/08\/MG_5535-Verbessert-RR-2048x1365.jpg 2048w, https:\/\/kita-sulzdorf.de\/wp-content\/uploads\/2024\/08\/MG_5535-Verbessert-RR-150x100.jpg 150w\" sizes=\"(max-width: 1024px) 100vw, 1024px\" \/><\/figure>\n<\/div>\n\n\n<div style=\"height:40px\" aria-hidden=\"true\" class=\"wp-block-spacer\"><\/div>\n\n\n\n<p>Betreut wird Ihr Kind durch ausgebildetes p\u00e4dagogisches Fachpersonal. <\/p>\n\n\n\n<p>Alle Kr\u00e4fte sind nur in Teilzeit im Haus. Die Wochenarbeitszeit der Fachkr\u00e4fte richtet sich nach den Betreuungszeiten und der Anzahl der Kinder und kann sich monatlich ver\u00e4ndern.<br>Die p\u00e4dagogischen Mitarbeiterinnen haben die M\u00f6glichkeit, sich durch interne oder externe Fortbildungen- auf ihre Ausbildung aufbauend- in ihrer p\u00e4dagogischen Arbeit weiterzubilden. Kenntnisse werden aufgefrischt, vertieft und aktualisiert.<br>In der w\u00f6chentlichen Teamsitzung werden die p\u00e4dagogischen und organisatorischen Inhalte besprochen.<br>Integrationskr\u00e4fte: Die Integrationskr\u00e4fte sind zus\u00e4tzlich f\u00fcr bestimmte Kinder im Haus die eine spezielle F\u00f6rderung brauchen. Durch Beobachtungs- und Entwicklungsb\u00f6gen wird festgestellt wer solch eine F\u00f6rderung ben\u00f6tigt. Die Eltern der Kinder werden stets vorher durch ein Entwicklungsgespr\u00e4ch informiert und m\u00fcssen zu dieser speziellen F\u00f6rderung Ihre Einverst\u00e4ndnis schriftlich erteilen.<br>Die Integrationskr\u00e4fte werden vom Bezirk unterhalten.<\/p>\n","protected":false},"excerpt":{"rendered":"<p>Betreut wird Ihr Kind durch ausgebildetes p\u00e4dagogisches Fachpersonal. Alle Kr\u00e4fte sind nur in Teilzeit im Haus. Die Wochenarbeitszeit der Fachkr\u00e4fte richtet sich nach den Betreuungszeiten und der Anzahl der Kinder und kann sich monatlich ver\u00e4ndern.Die p\u00e4dagogischen Mitarbeiterinnen haben die M\u00f6glichkeit, sich durch interne oder externe Fortbildungen- auf ihre Ausbildung aufbauend- <a class=\"continue-reading-link\" href=\"https:\/\/kita-sulzdorf.de\/?page_id=198\"><\/a><\/p>\n","protected":false},"author":1,"featured_media":0,"parent":0,"menu_order":0,"comment_status":"closed","ping_status":"closed","template":"","meta":{"footnotes":""},"class_list":["post-198","page","type-page","status-publish","hentry"],"_links":{"self":[{"href":"https:\/\/kita-sulzdorf.de\/index.php?rest_route=\/wp\/v2\/pages\/198","targetHints":{"allow":["GET"]}}],"collection":[{"href":"https:\/\/kita-sulzdorf.de\/index.php?rest_route=\/wp\/v2\/pages"}],"about":[{"href":"https:\/\/kita-sulzdorf.de\/index.php?rest_route=\/wp\/v2\/types\/page"}],"author":[{"embeddable":true,"href":"https:\/\/kita-sulzdorf.de\/index.php?rest_route=\/wp\/v2\/users\/1"}],"replies":[{"embeddable":true,"href":"https:\/\/kita-sulzdorf.de\/index.php?rest_route=%2Fwp%2Fv2%2Fcomments&post=198"}],"version-history":[{"count":4,"href":"https:\/\/kita-sulzdorf.de\/index.php?rest_route=\/wp\/v2\/pages\/198\/revisions"}],"predecessor-version":[{"id":1215,"href":"https:\/\/kita-sulzdorf.de\/index.php?rest_route=\/wp\/v2\/pages\/198\/revisions\/1215"}],"wp:attachment":[{"href":"https:\/\/kita-sulzdorf.de\/index.php?rest_route=%2Fwp%2Fv2%2Fmedia&parent=198"}],"curies":[{"name":"wp","href":"https:\/\/api.w.org\/{rel}","templated":true}]}}